{"id":165509,"date":"2026-04-17T06:35:20","date_gmt":"2026-04-17T06:35:20","guid":{"rendered":"https:\/\/holavape.com\/product\/jnr-shisha-max-22k-2\/"},"modified":"2026-04-21T08:16:05","modified_gmt":"2026-04-21T08:16:05","slug":"jnr-shisha-max-22k-2","status":"publish","type":"product","link":"https:\/\/holavape.com\/pt\/produto\/jnr-shisha-max-22k-2\/","title":{"rendered":"JNR Shisha Max 22K | 22000 puffs, 29ml e-l\u00edquido, mesh triplo, ecr\u00e3, vape descart\u00e1vel por atacado"},"content":{"rendered":"<h2>JNR Shisha Max 22K Vis\u00e3o geral<\/h2>\n<p>JNR Shisha Max 22K \u00e9 um vape descart\u00e1vel estilo shisha desenvolvido para compradores grossistas que necessitam de uma op\u00e7\u00e3o estilo cachimbo de \u00e1gua com um apelo de sabor mais amplo. Combina 22.000 baforadas, 29mL de e-l\u00edquido e bobinas de malha tripla num formato que \u00e9 f\u00e1cil de posicionar para prateleiras de retalho e encomendas em grandes quantidades.<\/p>\n<p>A linha de sabores abrange 1 sabor, ajudando este modelo a encaixar-se perfeitamente em frutas, gelo, doces e sortimentos descart\u00e1veis \u200b\u200bde perfis mistos.<\/p>\n<h2>Principais destaques<\/h2>\n<ul>\n<li><strong>22.000 baforadas<\/strong> para um formato de dispositivo mais duradouro<\/li>\n<li><strong>29mL de e-l\u00edquido<\/strong> para suportar uma maior contagem de inala\u00e7\u00f5es e um uso di\u00e1rio mais prolongado<\/li>\n<li><strong>bobinas de malha tripla<\/strong> para uma sa\u00edda de sabor mais constante e vapor mais suave<\/li>\n<li><strong>exibi\u00e7\u00e3o na tela<\/strong> para que os utilizadores possam verificar o estado dos principais dispositivos com mais facilidade<\/li>\n<li><strong>1 sabores<\/strong> para cobrir uma linha mais ampla de sabores<\/li>\n<li><strong>2%<\/strong> op\u00e7\u00f5es de nicotina para satisfazer as diferentes necessidades do mercado<\/li>\n<\/ul>\n<h2>Especifica\u00e7\u00f5es<\/h2>\n<table>\n<tbody>\n<tr>\n<td><strong>Nome do produto<\/strong><\/td>\n<td>JNR Shisha Max 22K<\/td>\n<\/tr>\n<tr>\n<td><strong>Contagem de sopros<\/strong><\/td>\n<td>22.000 baforadas<\/td>\n<\/tr>\n<tr>\n<td><strong>Capacidade de e-l\u00edquido<\/strong><\/td>\n<td>29mL de e-l\u00edquido<\/td>\n<\/tr>\n<tr>\n<td><strong>Bobina<\/strong><\/td>\n<td>bobinas de malha tripla<\/td>\n<\/tr>\n<tr>\n<td><strong>Ecr\u00e3<\/strong><\/td>\n<td>exibi\u00e7\u00e3o na tela<\/td>\n<\/tr>\n<tr>\n<td><strong>Op\u00e7\u00f5es de sabores<\/strong><\/td>\n<td>1 sabores<\/td>\n<\/tr>\n<tr>\n<td><strong>For\u00e7a da Nicotina<\/strong><\/td>\n<td>2%<\/td>\n<\/tr>\n<\/tbody>\n<\/table>\n<h2>Op\u00e7\u00f5es de sabores<\/h2>\n<p>As op\u00e7\u00f5es de sabores dispon\u00edveis incluem Selecionar sabor, por favor contacte-nos. Isto ajuda a JNR Shisha Max 22K a acomodar uma mistura mais ampla de frutas, gelo, doces e variedades de vapor descart\u00e1veis \u200b\u200bcom perfil doce.<\/p>\n","protected":false},"excerpt":{"rendered":"<p>22000 puffs, 29ml e-l\u00edquido, mesh triplo \u2014 JNR Shisha Max 22K dispon\u00edvel por atacado a partir de 10 unidades, ideal para lojas e revendedores.<\/p>\n","protected":false},"featured_media":1799,"comment_status":"open","ping_status":"closed","template":"","meta":[],"product_brand":[],"product_cat":[1073,998,1032,1028,999,1012,1006,1003,1004,1013,1002,1005,1007,1008,1010,1011,1014,1015,1009,963,1000,1001],"product_tag":[],"class_list":{"0":"post-165509","1":"product","2":"type-product","3":"status-publish","4":"has-post-thumbnail","6":"product_cat-jnr","7":"product_cat-tipos-de-vapes-descartaveis","8":"product_cat-vape-descartavel-30000-baforadas","9":"product_cat-vapes-com-tela-inteligente","10":"product_cat-vapes-de-muitas-baforadas","11":"product_cat-vapes-descartaveis-em-portugal","12":"product_cat-vapes-descartaveis-na-alemanha","13":"product_cat-vapes-descartaveis-na-austria","14":"product_cat-vapes-descartaveis-na-belgica","15":"product_cat-vapes-descartaveis-na-espanha","16":"product_cat-vapes-descartaveis-na-europa","17":"product_cat-vapes-descartaveis-na-franca","18":"product_cat-vapes-descartaveis-na-hungria","19":"product_cat-vapes-descartaveis-na-italia","20":"product_cat-vapes-descartaveis-na-noruega","21":"product_cat-vapes-descartaveis-na-polonia","22":"product_cat-vapes-descartaveis-na-suecia","23":"product_cat-vapes-descartaveis-na-suica","24":"product_cat-vapes-descartaveis-nos-paises-baixos","25":"product_cat-vapes-descartaveis-por-numero-de-baforadas","26":"product_cat-vapes-recarregaveis","27":"product_cat-vapes-shisha-hookah","29":"first","30":"instock","31":"shipping-taxable","32":"purchasable","33":"product-type-variable","34":"has-default-attributes"},"tiered_pricing_type":"fixed","tiered_pricing_fixed_rules":{"2000":6.8499999999999996447286321199499070644378662109375},"tiered_pricing_product_settings":{"layout":"default","base_unit_name":{"singular":null,"plural":null},"default_variation":null},"tiered_pricing_minimum_quantity":1000,"tiered_pricing_roles_data":[],"tiered_pricing_percentage_rules":[],"tiered_pricing_maximum_quantity":null,"tiered_pricing_quantity_step":"10","_links":{"self":[{"href":"https:\/\/holavape.com\/pt\/wp-json\/wp\/v2\/product\/165509","targetHints":{"allow":["GET"]}}],"collection":[{"href":"https:\/\/holavape.com\/pt\/wp-json\/wp\/v2\/product"}],"about":[{"href":"https:\/\/holavape.com\/pt\/wp-json\/wp\/v2\/types\/product"}],"replies":[{"embeddable":true,"href":"https:\/\/holavape.com\/pt\/wp-json\/wp\/v2\/comments?post=165509"}],"wp:featuredmedia":[{"embeddable":true,"href":"https:\/\/holavape.com\/pt\/wp-json\/wp\/v2\/media\/1799"}],"wp:attachment":[{"href":"https:\/\/holavape.com\/pt\/wp-json\/wp\/v2\/media?parent=165509"}],"wp:term":[{"taxonomy":"product_brand","embeddable":true,"href":"https:\/\/holavape.com\/pt\/wp-json\/wp\/v2\/product_brand?post=165509"},{"taxonomy":"product_cat","embeddable":true,"href":"https:\/\/holavape.com\/pt\/wp-json\/wp\/v2\/product_cat?post=165509"},{"taxonomy":"product_tag","embeddable":true,"href":"https:\/\/holavape.com\/pt\/wp-json\/wp\/v2\/product_tag?post=165509"}],"curies":[{"name":"wp","href":"https:\/\/api.w.org\/{rel}","templated":true}]}}