{"id":167951,"date":"2026-04-17T06:20:19","date_gmt":"2026-04-17T06:20:19","guid":{"rendered":"https:\/\/holavape.com\/product\/aivono-fatman-shisha-15k-2\/"},"modified":"2026-04-21T08:16:23","modified_gmt":"2026-04-21T08:16:23","slug":"aivono-fatman-shisha-15k-2","status":"publish","type":"product","link":"https:\/\/holavape.com\/pt\/produto\/aivono-fatman-shisha-15k-2\/","title":{"rendered":"AIVONO Fatman Shisha 15K | 15000 puffs, 24ml e-l\u00edquido, 0.6\u03a9 mesh, Type-C, vape descart\u00e1vel por atacado"},"content":{"rendered":"<h2>AIVONO Fatman Shisha 15K Vis\u00e3o geral<\/h2>\n<p>AIVONO Fatman Shisha 15K \u00e9 um vape descart\u00e1vel estilo shisha desenvolvido para compradores grossistas que necessitam de uma op\u00e7\u00e3o estilo cachimbo de \u00e1gua com um apelo de sabor mais amplo. Combina 15.000 baforadas, 24mL de e-l\u00edquido e bobina de malha de 0,6 ohm num formato que \u00e9 f\u00e1cil de posicionar para prateleiras de retalho e encomendas em grandes quantidades.<\/p>\n<p>A linha de sabores abrange 10 sabores, ajudando este modelo a encaixar-se perfeitamente em frutas, gelo, doces e sortimentos descart\u00e1veis \u200b\u200bde perfis mistos.<\/p>\n<h2>Principais destaques<\/h2>\n<ul>\n<li><strong>15.000 baforadas<\/strong> para um formato de dispositivo mais duradouro<\/li>\n<li><strong>24mL de e-l\u00edquido<\/strong> para suportar uma maior contagem de inala\u00e7\u00f5es e um uso di\u00e1rio mais prolongado<\/li>\n<li><strong>bobina de malha de 0,6ohm<\/strong> para uma sa\u00edda de sabor mais constante e vapor mais suave<\/li>\n<li><strong>Bateria de 600mAh com Type-C recarreg\u00e1vel<\/strong> para recarga conveniente<\/li>\n<li><strong>10 sabores<\/strong> para cobrir uma linha mais ampla de sabores<\/li>\n<li><strong>0% \/ 2% \/ 5%<\/strong> op\u00e7\u00f5es de nicotina para satisfazer as diferentes necessidades do mercado<\/li>\n<\/ul>\n<h2>Especifica\u00e7\u00f5es<\/h2>\n<table>\n<tbody>\n<tr>\n<td><strong>Nome do produto<\/strong><\/td>\n<td>AIVONO Fatman Shisha 15K<\/td>\n<\/tr>\n<tr>\n<td><strong>Contagem de sopros<\/strong><\/td>\n<td>15.000 baforadas<\/td>\n<\/tr>\n<tr>\n<td><strong>Capacidade de e-l\u00edquido<\/strong><\/td>\n<td>24mL de e-l\u00edquido<\/td>\n<\/tr>\n<tr>\n<td><strong>Bateria<\/strong><\/td>\n<td>Bateria de 600mAh<\/td>\n<\/tr>\n<tr>\n<td><strong>Carregando<\/strong><\/td>\n<td>Type-C recarreg\u00e1vel<\/td>\n<\/tr>\n<tr>\n<td><strong>Bobina<\/strong><\/td>\n<td>bobina de malha de 0,6ohm<\/td>\n<\/tr>\n<tr>\n<td><strong>Op\u00e7\u00f5es de sabores<\/strong><\/td>\n<td>10 sabores<\/td>\n<\/tr>\n<tr>\n<td><strong>For\u00e7a da Nicotina<\/strong><\/td>\n<td>0% \/ 2% \/ 5%<\/td>\n<\/tr>\n<\/tbody>\n<\/table>\n<h2>Op\u00e7\u00f5es de sabores<\/h2>\n<p>As op\u00e7\u00f5es de sabores dispon\u00edveis incluem Morango Gelo, Melancia Gelo, Kite Liberator, Velocidade Furiosa, Morango Framboesa, Fruta Grande Bang, P\u00eassego Suculento, Gelo de Mirtilo e muito mais. Isto ajuda AIVONO Fatman Shisha 15K a acomodar uma mistura mais ampla de frutas, gelo, doces e variedades de vapor descart\u00e1veis \u200b\u200bcom perfil doce.<\/p>\n","protected":false},"excerpt":{"rendered":"<p>Desempenho est\u00e1vel e 15000 puffs \u2014 AIVONO Fatman Shisha 15K oferece 24ml e-l\u00edquido e 0.6\u03a9 mesh. Stock por atacado a partir de 10 unidades.<\/p>\n","protected":false},"featured_media":121529,"comment_status":"open","ping_status":"closed","template":"","meta":[],"product_brand":[],"product_cat":[1029,998,948,999,1012,1006,1003,1004,1013,1002,1005,1007,1008,1010,1011,1014,1015,1009,963,1000,1001],"product_tag":[],"class_list":{"0":"post-167951","1":"product","2":"type-product","3":"status-publish","4":"has-post-thumbnail","6":"product_cat-aivono","7":"product_cat-tipos-de-vapes-descartaveis","8":"product_cat-vape-descartavel-15000-baforadas","9":"product_cat-vapes-de-muitas-baforadas","10":"product_cat-vapes-descartaveis-em-portugal","11":"product_cat-vapes-descartaveis-na-alemanha","12":"product_cat-vapes-descartaveis-na-austria","13":"product_cat-vapes-descartaveis-na-belgica","14":"product_cat-vapes-descartaveis-na-espanha","15":"product_cat-vapes-descartaveis-na-europa","16":"product_cat-vapes-descartaveis-na-franca","17":"product_cat-vapes-descartaveis-na-hungria","18":"product_cat-vapes-descartaveis-na-italia","19":"product_cat-vapes-descartaveis-na-noruega","20":"product_cat-vapes-descartaveis-na-polonia","21":"product_cat-vapes-descartaveis-na-suecia","22":"product_cat-vapes-descartaveis-na-suica","23":"product_cat-vapes-descartaveis-nos-paises-baixos","24":"product_cat-vapes-descartaveis-por-numero-de-baforadas","25":"product_cat-vapes-recarregaveis","26":"product_cat-vapes-shisha-hookah","28":"first","29":"instock","30":"shipping-taxable","31":"purchasable","32":"product-type-variable","33":"has-default-attributes"},"tiered_pricing_type":"fixed","tiered_pricing_fixed_rules":{"2000":5.4900000000000002131628207280300557613372802734375},"tiered_pricing_product_settings":{"layout":"default","base_unit_name":{"singular":null,"plural":null},"default_variation":null},"tiered_pricing_minimum_quantity":1000,"tiered_pricing_roles_data":[],"tiered_pricing_percentage_rules":[],"tiered_pricing_maximum_quantity":null,"tiered_pricing_quantity_step":"10","_links":{"self":[{"href":"https:\/\/holavape.com\/pt\/wp-json\/wp\/v2\/product\/167951","targetHints":{"allow":["GET"]}}],"collection":[{"href":"https:\/\/holavape.com\/pt\/wp-json\/wp\/v2\/product"}],"about":[{"href":"https:\/\/holavape.com\/pt\/wp-json\/wp\/v2\/types\/product"}],"replies":[{"embeddable":true,"href":"https:\/\/holavape.com\/pt\/wp-json\/wp\/v2\/comments?post=167951"}],"wp:featuredmedia":[{"embeddable":true,"href":"https:\/\/holavape.com\/pt\/wp-json\/wp\/v2\/media\/121529"}],"wp:attachment":[{"href":"https:\/\/holavape.com\/pt\/wp-json\/wp\/v2\/media?parent=167951"}],"wp:term":[{"taxonomy":"product_brand","embeddable":true,"href":"https:\/\/holavape.com\/pt\/wp-json\/wp\/v2\/product_brand?post=167951"},{"taxonomy":"product_cat","embeddable":true,"href":"https:\/\/holavape.com\/pt\/wp-json\/wp\/v2\/product_cat?post=167951"},{"taxonomy":"product_tag","embeddable":true,"href":"https:\/\/holavape.com\/pt\/wp-json\/wp\/v2\/product_tag?post=167951"}],"curies":[{"name":"wp","href":"https:\/\/api.w.org\/{rel}","templated":true}]}}