{"id":60677,"date":"2025-09-11T12:59:33","date_gmt":"2025-09-11T12:59:33","guid":{"rendered":"https:\/\/holavape.com\/product\/bangbox-80k-vape-descartavel-3-em-1-triplo-sabor-atacado\/"},"modified":"2026-04-05T02:28:43","modified_gmt":"2026-04-05T02:28:43","slug":"bangbox-80k","status":"publish","type":"product","link":"https:\/\/holavape.com\/pt\/produto\/bangbox-80k\/","title":{"rendered":"BANGBOX 80K Vape Descart\u00e1vel 3-em-1 \u2014 Triplo Sabor Atacado"},"content":{"rendered":"<h2>BANGBOX 80K \u2014 Vape Descart\u00e1vel 80.000 Baforadas Triplo Sabor<\/h2>\n<p>BANGBOX 80K oferece 80.000 baforadas com 3 pods de sabores intercambi\u00e1veis num \u00fanico dispositivo, com 60ml de e-liquid, uma resist\u00eancia triple-mesh e um ecr\u00e3 LED que mostra os n\u00edveis de bateria e e-liquid. Vende bem em Espanha, Alemanha e Fran\u00e7a como uma op\u00e7\u00e3o multi-sabor de tamanho m\u00e9dio, mais f\u00e1cil de explicar aos clientes finais do que os modelos 5-em-1 ou 6-em-1.<\/p>\n<p>Com pre\u00e7o inferior aos dispositivos multi-sabor maiores como o <a href=\"https:\/\/holavape.com\/pt\/produto\/bang-legend-120k\/\">Bang Legend 120K<\/a> ou o <a href=\"https:\/\/holavape.com\/pt\/produto\/fihp-120k-6-in-1\/\">FiHP 120K 6-em-1<\/a>, o BANGBOX 80K funciona como porta de entrada para clientes que experimentam multi-sabor pela primeira vez. Tr\u00eas sabores oferecem variedade suficiente sem ser excessivo, e as 80.000 baforadas significam que n\u00e3o voltar\u00e3o rapidamente para uma substitui\u00e7\u00e3o.<\/p>\n<table>\n<thead>\n<tr>\n<th>Especifica\u00e7\u00e3o<\/th>\n<th>Detalhe<\/th>\n<\/tr>\n<\/thead>\n<tbody>\n<tr>\n<td>N\u00famero de baforadas<\/td>\n<td>At\u00e9 80.000<\/td>\n<\/tr>\n<tr>\n<td>Sistema de sabores<\/td>\n<td>Pods triplo sabor 3-em-1<\/td>\n<\/tr>\n<tr>\n<td>Capacidade de e-liquid<\/td>\n<td>60ml pr\u00e9-carregado<\/td>\n<\/tr>\n<tr>\n<td>Bateria<\/td>\n<td>850mAh (17350 cobalto puro, descarga 5A)<\/td>\n<\/tr>\n<tr>\n<td>Carregamento<\/td>\n<td>Carregamento r\u00e1pido USB Type-C<\/td>\n<\/tr>\n<tr>\n<td>Resist\u00eancia<\/td>\n<td>Resist\u00eancia triple-mesh 0,8\u03a9<\/td>\n<\/tr>\n<tr>\n<td>Nicotina<\/td>\n<td>0% \/ 2% \/ 3% \/ 5%<\/td>\n<\/tr>\n<tr>\n<td>Ecr\u00e3<\/td>\n<td>Indicadores de n\u00edvel de bateria e e-liquid<\/td>\n<\/tr>\n<tr>\n<td>Embalagem<\/td>\n<td>Pronto para atacado (contacte-nos para detalhes das caixas)<\/td>\n<\/tr>\n<\/tbody>\n<\/table>\n<h3>Conjuntos de Sabores<\/h3>\n<p>Melhores conjuntos para ter primeiro: Melancia Gelada \/ Red Bull \/ Morango Kiwi e Melancia Gelada \/ Gelado de Morango \/ Triplo Mel\u00e3o \u2014 ambos incluem Melancia Gelada, que se classifica consistentemente como o sabor descart\u00e1vel mais vendido em toda a Europa.<\/p>\n<p><strong>Combina\u00e7\u00f5es fruta + gelo (apostas seguras):<\/strong> Melancia Gelada \/ Red Bull \/ Morango Kiwi, Melancia Gelada \/ Gelado de Morango \/ Triplo Mel\u00e3o, Anan\u00e1s Coco \/ Morango Gelado \/ Blue Razz Gelado, Lima Lim\u00e3o \/ Manga P\u00eassego Melancia \/ Mirtilo Gelado.<\/p>\n<p><strong>Frutos silvestres e tropical intenso:<\/strong> Triplo Frutos Silvestres Gelados \/ Manga P\u00eassego \/ Morango Kiwi, Morango Gelado \/ Morango Melancia \/ Anan\u00e1s Manga P\u00eassego, Fruta Tropical \/ Morango Melancia \/ Lim\u00e3o P\u00eassego, Morango Kiwi \/ Manga Anan\u00e1s Azeda \/ Morango Red Bull.<\/p>\n<p><strong>Mais ousados e de nicho:<\/strong> Morango Baunilha Cola \/ Ma\u00e7\u00e3 Verde Framboesa Azeda \/ Lima Lim\u00e3o, Uva Dupla \/ Morango Manga \/ Mirtilo Framboesa Azeda Gelada, Soda Lim\u00e3o Cola \/ Melancia Pastilha El\u00e1stica \/ Drag\u00e3o Negro Gelado \u2014 estes incluem sabores inspirados em bebidas e rebu\u00e7ados que vendem bem junto de compradores mais jovens, mas podem ser mais lentos em mercados tradicionais. Teste primeiro em pequena quantidade.<\/p>\n<p><strong>Combina\u00e7\u00e3o inicial mais segura:<\/strong> Morango Banana \/ Framboesa Melancia \/ Love 666 \u2014 um conjunto vers\u00e1til com um mix de frutas, um fruto silvestre e Love 666 (um perfil de rebu\u00e7ado doce que vende melhor do que o nome sugere).<\/p>\n<h3>Envio e Encomendas<\/h3>\n<p>BANGBOX 80K \u00e9 enviado da China com prazos estimados de 10\u201320 dias \u00fateis. A quantidade m\u00ednima de encomenda \u00e9 de 10 unidades com descontos de volume a partir de 30 unidades. Pode misturar diferentes conjuntos de sabores numa encomenda.<\/p>\n<p>As op\u00e7\u00f5es de nicotina incluem 0%, 2%, 3% e 5%. A op\u00e7\u00e3o 0% vale a pena ter em stock se serve mercados com regulamenta\u00e7\u00f5es rigorosas de nicotina ou clientes que querem a experi\u00eancia do sabor sem nicotina. Para a maioria dos mercados da UE, 2% \u00e9 a encomenda padr\u00e3o \u2014 verifique a regulamenta\u00e7\u00e3o local para 3% e 5%. Contacte-nos atrav\u00e9s da nossa <a href=\"https:\/\/holavape.com\/pt\/contato\/\">p\u00e1gina de contacto<\/a> para cota\u00e7\u00f5es de frete e dimens\u00f5es de caixas.<\/p>\n","protected":false},"excerpt":{"rendered":"<p>BANGBOX 80K traz at\u00e9 80,000 puffs, 3 sabores comut\u00e1veis, 60mL de e-l\u00edquido e um triplo-mesh coil de 0,8\u03a9. Um 3 em 1 equilibrado para lojas que procuram variedade sem saltar para formatos maiores de multitanques. \ud83c\udfaf<\/p>\n","protected":false},"featured_media":24924,"comment_status":"open","ping_status":"closed","template":"","meta":[],"product_brand":[],"product_cat":[947],"product_tag":[],"class_list":{"0":"post-60677","1":"product","2":"type-product","3":"status-publish","4":"has-post-thumbnail","6":"product_cat-bang","8":"first","9":"instock","10":"shipping-taxable","11":"purchasable","12":"product-type-variable","13":"has-default-attributes"},"tiered_pricing_type":"fixed","tiered_pricing_fixed_rules":{"30":8.6400000000000005684341886080801486968994140625,"50":6.910000000000000142108547152020037174224853515625,"100":6.6699999999999999289457264239899814128875732421875,"200":6.04999999999999982236431605997495353221893310546875,"400":5.7400000000000002131628207280300557613372802734375},"tiered_pricing_product_settings":{"layout":"default","base_unit_name":{"singular":null,"plural":null},"default_variation":null},"tiered_pricing_minimum_quantity":10,"tiered_pricing_roles_data":[],"tiered_pricing_percentage_rules":[],"tiered_pricing_maximum_quantity":null,"tiered_pricing_quantity_step":"10","_links":{"self":[{"href":"https:\/\/holavape.com\/pt\/wp-json\/wp\/v2\/product\/60677","targetHints":{"allow":["GET"]}}],"collection":[{"href":"https:\/\/holavape.com\/pt\/wp-json\/wp\/v2\/product"}],"about":[{"href":"https:\/\/holavape.com\/pt\/wp-json\/wp\/v2\/types\/product"}],"replies":[{"embeddable":true,"href":"https:\/\/holavape.com\/pt\/wp-json\/wp\/v2\/comments?post=60677"}],"wp:featuredmedia":[{"embeddable":true,"href":"https:\/\/holavape.com\/pt\/wp-json\/wp\/v2\/media\/24924"}],"wp:attachment":[{"href":"https:\/\/holavape.com\/pt\/wp-json\/wp\/v2\/media?parent=60677"}],"wp:term":[{"taxonomy":"product_brand","embeddable":true,"href":"https:\/\/holavape.com\/pt\/wp-json\/wp\/v2\/product_brand?post=60677"},{"taxonomy":"product_cat","embeddable":true,"href":"https:\/\/holavape.com\/pt\/wp-json\/wp\/v2\/product_cat?post=60677"},{"taxonomy":"product_tag","embeddable":true,"href":"https:\/\/holavape.com\/pt\/wp-json\/wp\/v2\/product_tag?post=60677"}],"curies":[{"name":"wp","href":"https:\/\/api.w.org\/{rel}","templated":true}]}}