{"id":98981,"date":"2025-07-07T07:38:46","date_gmt":"2025-07-07T07:38:46","guid":{"rendered":"https:\/\/holavape.com\/product\/bang-tornado-40k-vape-descartavel-ecra-led-grossista\/"},"modified":"2026-04-05T02:30:48","modified_gmt":"2026-04-05T02:30:48","slug":"bang-tornado-40k","status":"publish","type":"product","link":"https:\/\/holavape.com\/pt\/produto\/bang-tornado-40k\/","title":{"rendered":"Bang Tornado 40K Vape Descart\u00e1vel \u2014 Ecr\u00e3 LED Grossista"},"content":{"rendered":"<h2>Bang Tornado 40K \u2014 Descart\u00e1vel de 40.000 Puffs com Ecr\u00e3 LED<\/h2>\n<p>O Bang Tornado 40K \u00e9 um vape descart\u00e1vel de sabor \u00fanico que oferece at\u00e9 40.000 puffs com um contador de puffs LED integrado. Preenche a lacuna entre dispositivos de n\u00edvel b\u00e1sico de 20K e modelos de maior capacidade como o <a href=\"https:\/\/holavape.com\/pt\/produto\/waspe-bar-60k\/\">WASPE Bar 60K<\/a> \u2014 oferecendo \u00e0s lojas uma op\u00e7\u00e3o de gama m\u00e9dia que vende bem em mercados sens\u00edveis ao pre\u00e7o em Espanha, Alemanha e Holanda.<\/p>\n<p>Com 12 op\u00e7\u00f5es de sabores e quatro concentra\u00e7\u00f5es de nicotina incluindo a op\u00e7\u00e3o 0%, cobre toda a gama de prefer\u00eancias dos clientes. O ecr\u00e3 LED \u00e9 uma funcionalidade \u00fatil nesta faixa de pre\u00e7o \u2014 acompanha a contagem de puffs para que os utilizadores saibam exatamente onde est\u00e3o. Se tem descart\u00e1veis em stock de v\u00e1rios n\u00edveis de puffs, o Bang Tornado 40K funciona bem como op\u00e7\u00e3o de prateleira interm\u00e9dia ao lado de modelos compactos como o <a href=\"https:\/\/holavape.com\/pt\/produto\/bang-box-50k-vape-descartavel-de-duplo-sabor-atacado\/\">Bang Box 50K<\/a> ou dispositivos multissabor de gama alta como o <a href=\"https:\/\/holavape.com\/pt\/produto\/bang-box-160k-vape-descartavel-4-em-1-de-quatro-sabores-atacado\/\">Bang Box 160K<\/a>.<\/p>\n<table>\n<thead>\n<tr>\n<th>Especifica\u00e7\u00e3o<\/th>\n<th>Detalhe<\/th>\n<\/tr>\n<\/thead>\n<tbody>\n<tr>\n<td>Contagem de puffs<\/td>\n<td>At\u00e9 40.000<\/td>\n<\/tr>\n<tr>\n<td>Sabores<\/td>\n<td>12 op\u00e7\u00f5es de sabor \u00fanico<\/td>\n<\/tr>\n<tr>\n<td>Concentra\u00e7\u00f5es de nicotina<\/td>\n<td>0%, 2%, 3%, 5%<\/td>\n<\/tr>\n<tr>\n<td>Ecr\u00e3<\/td>\n<td>Contador de puffs LED<\/td>\n<\/tr>\n<tr>\n<td>Tipo<\/td>\n<td>Descart\u00e1vel, ativado por aspira\u00e7\u00e3o<\/td>\n<\/tr>\n<tr>\n<td>Capacidade de e-l\u00edquido<\/td>\n<td>N\u00e3o especificada pelo fabricante \u2014 <a href=\"https:\/\/holavape.com\/pt\/contato\/\">contacte-nos<\/a> para detalhes<\/td>\n<\/tr>\n<tr>\n<td>Bateria<\/td>\n<td>N\u00e3o especificada pelo fabricante \u2014 <a href=\"https:\/\/holavape.com\/pt\/contato\/\">contacte-nos<\/a> para detalhes<\/td>\n<\/tr>\n<\/tbody>\n<\/table>\n<h3>Sabores<\/h3>\n<p>Mais vendidos para ter em stock primeiro: Melancia, P\u00eassego Gelado, Morango Melancia e Mirtilo Framboesa.<\/p>\n<p><strong>Frutas geladas:<\/strong> P\u00eassego Gelado (p\u00eassego doce com toque de mentol \u2014 vendedor consistente), Melancia (limpo e simples, sempre procurado em toda a Europa), Morango Melancia (combina\u00e7\u00e3o popular de ver\u00e3o, vende r\u00e1pido em Espanha e Fran\u00e7a).<\/p>\n<p><strong>Misturas de frutos vermelhos:<\/strong> Frutos Vermelhos Triplos (mistura de frutos vermelhos com apelo amplo), Mirtilo Framboesa (\u00e1cido e doce \u2014 forte nos mercados do Norte da Europa), Mirtilo Lim\u00e3o (toque c\u00edtrico que se destaca da oferta habitual de frutos vermelhos), Mirtilo Uva (do\u00e7ura mais escura de frutos vermelhos, s\u00f3lido na Alemanha e Holanda), Morango Kiwi (combina\u00e7\u00e3o cl\u00e1ssica, vendas est\u00e1veis durante todo o ano).<\/p>\n<p><strong>Frutas e outros:<\/strong> Ma\u00e7\u00e3 Dupla (sabor tradicional estilo shisha \u2014 particularmente popular nos mercados do Sul e Leste da Europa), Manga P\u00eassego (tropical, atrai um p\u00fablico mais jovem), Love 66 (mistura tropical ex\u00f3tica com seguidores de nicho \u2014 teste com uma encomenda pequena primeiro), Bebida Energ\u00e9tica (sabor de bebida energ\u00e9tica que visa um p\u00fablico mais jovem \u2014 ou vende bem ou fica parado, depende do mercado).<\/p>\n<h3>Envio e Encomendas<\/h3>\n<p>O Bang Tornado 40K \u00e9 enviado da China com prazos de entrega t\u00edpicos de 10 a 15 dias \u00fateis para a Europa. O MOQ come\u00e7a em 10 unidades com pre\u00e7os escalonados \u2014 descontos por volume dispon\u00edveis a partir de 30+ unidades. Pode misturar sabores e concentra\u00e7\u00f5es de nicotina numa \u00fanica encomenda, o que facilita testar a gama sem se comprometer excessivamente com um \u00fanico SKU.<\/p>\n<p>Para mercados da UE, 0% e 2% s\u00e3o as concentra\u00e7\u00f5es de nicotina mais encomendadas. As op\u00e7\u00f5es de 3% e 5% vendem em mercados com regulamenta\u00e7\u00f5es menos restritivas, mas verifique as regras locais antes de ter em stock concentra\u00e7\u00f5es mais altas. Se precisar de um produto de n\u00edvel semelhante com entrega europeia mais r\u00e1pida, o <a href=\"https:\/\/holavape.com\/pt\/produto\/waspe-bar-60k\/\">WASPE Bar 60K<\/a> \u00e9 enviado do nosso armaz\u00e9m na UE com entrega de 5 a 7 dias em toda a Europa.<\/p>\n","protected":false},"excerpt":{"rendered":"<p>Bang Tornado 40K mant\u00e9m tudo simples com 40,000 puffs, 12 sabores, um contador de puffs LED e op\u00e7\u00f5es de 0%\/2%\/3%\/5% de nicotina. Uma escolha interm\u00e9dia que se situa perfeitamente entre os dispositivos de entrada de gama e os modelos de maior capacidade. \u26a1<\/p>\n","protected":false},"featured_media":25366,"comment_status":"open","ping_status":"closed","template":"","meta":[],"product_brand":[],"product_cat":[947],"product_tag":[],"class_list":{"0":"post-98981","1":"product","2":"type-product","3":"status-publish","4":"has-post-thumbnail","6":"product_cat-bang","8":"first","9":"instock","10":"shipping-taxable","11":"purchasable","12":"product-type-variable","13":"has-default-attributes"},"tiered_pricing_type":"fixed","tiered_pricing_fixed_rules":{"30":8.1500000000000003552713678800500929355621337890625,"50":7.28000000000000024868995751603506505489349365234375,"100":6.54000000000000003552713678800500929355621337890625,"200":6.1699999999999999289457264239899814128875732421875,"400":5.61000000000000031974423109204508364200592041015625},"tiered_pricing_product_settings":{"layout":"default","base_unit_name":{"singular":null,"plural":null},"default_variation":null},"tiered_pricing_minimum_quantity":10,"tiered_pricing_roles_data":[],"tiered_pricing_percentage_rules":[],"tiered_pricing_maximum_quantity":null,"tiered_pricing_quantity_step":"10","_links":{"self":[{"href":"https:\/\/holavape.com\/pt\/wp-json\/wp\/v2\/product\/98981","targetHints":{"allow":["GET"]}}],"collection":[{"href":"https:\/\/holavape.com\/pt\/wp-json\/wp\/v2\/product"}],"about":[{"href":"https:\/\/holavape.com\/pt\/wp-json\/wp\/v2\/types\/product"}],"replies":[{"embeddable":true,"href":"https:\/\/holavape.com\/pt\/wp-json\/wp\/v2\/comments?post=98981"}],"wp:featuredmedia":[{"embeddable":true,"href":"https:\/\/holavape.com\/pt\/wp-json\/wp\/v2\/media\/25366"}],"wp:attachment":[{"href":"https:\/\/holavape.com\/pt\/wp-json\/wp\/v2\/media?parent=98981"}],"wp:term":[{"taxonomy":"product_brand","embeddable":true,"href":"https:\/\/holavape.com\/pt\/wp-json\/wp\/v2\/product_brand?post=98981"},{"taxonomy":"product_cat","embeddable":true,"href":"https:\/\/holavape.com\/pt\/wp-json\/wp\/v2\/product_cat?post=98981"},{"taxonomy":"product_tag","embeddable":true,"href":"https:\/\/holavape.com\/pt\/wp-json\/wp\/v2\/product_tag?post=98981"}],"curies":[{"name":"wp","href":"https:\/\/api.w.org\/{rel}","templated":true}]}}