{"id":9150,"date":"2026-03-20T14:26:46","date_gmt":"2026-03-20T14:26:46","guid":{"rendered":"https:\/\/holavape.com\/kundrecensioner\/"},"modified":"2026-03-20T14:26:46","modified_gmt":"2026-03-20T14:26:46","slug":"kundrecensioner","status":"publish","type":"page","link":"https:\/\/holavape.com\/sv\/kundrecensioner\/","title":{"rendered":"Kundrecensioner"},"content":{"rendered":"<p>\u2b50\u2b50\u2b50\u2b50\u2b50<br \/>\n&#8221;Snabb leverans och fantastiska smaker!&#8221;<br \/>\n&#8221;Jag best\u00e4llde ett variationspaket och blev \u00e4rligt talat f\u00f6rv\u00e5nad \u00f6ver hur snabbt det kom. Varje vape jag provade var mjuk och smakrik. Definitivt min nya favoritbutik!&#8221;<br \/>\n\u2014 Melissa T., Florida<\/p>\n<p>\u2b50\u2b50\u2b50\u2b50\u2b50<br \/>\n&#8221;F\u00f6rstklassig kundservice&#8221;<br \/>\n&#8221;Jag hade en fr\u00e5ga om min best\u00e4llning och supportteamet svarade inom n\u00e5gra minuter. Super hj\u00e4lpsamma och v\u00e4nliga \u2014 det \u00e4r ovanligt nuf\u00f6rtiden!&#8221;<br \/>\n\u2014 Jason R., Kalifornien<\/p>\n<p>\u2b50\u2b50\u2b50\u2b50\u2b50<br \/>\n&#8221;S\u00e5 m\u00e5nga m\u00e4rken att v\u00e4lja bland&#8221;<br \/>\n&#8221;Jag \u00e4lskar att ha valm\u00f6jligheter, och Hola Vape levererar verkligen. Jag har hittat exklusiva smaker h\u00e4r som jag inte kunde hitta n\u00e5gon annanstans. Rekommenderas starkt \u00e4ven f\u00f6r grossistk\u00f6pare.&#8221;<br \/>\n\u2014 Natalie M., Texas<\/p>\n<p>\u2b50\u2b50\u2b50\u2b50\u2b50<br \/>\n&#8221;Bra priser, \u00e4kta produkter&#8221;<br \/>\n&#8221;Jag har blivit lurad av falska vapes fr\u00e5n andra sajter, men allt jag f\u00e5tt fr\u00e5n Hola Vape \u00e4r \u00e4kta och billigare \u00e4n de flesta st\u00e4llen jag sett. Jag \u00e4r imponerad.&#8221;<br \/>\n\u2014 Ahmed D., New York<\/p>\n<p>\u2b50\u2b50\u2b50\u2b50\u2b50<br \/>\n&#8221;L\u00e5ngvariga och tillfredsst\u00e4llande&#8221;<br \/>\n&#8221;Den 20 000-puffars eng\u00e5ngsvape jag k\u00f6pte h\u00e5ller evigt och smakar fortfarande som ny. Inga l\u00e4ckor, inga defekta \u2014 bara j\u00e4mn kvalitet. Kommer definitivt att best\u00e4lla igen.&#8221;<br \/>\n\u2014 Sophie L., Illinois<\/p>\n<p>&#8230;&#8230;<\/p>\n<hr \/>\n<p><em><a href=\"https:\/\/holavape.com\/sv\/butik\/\">G\u00e5 till butiken<\/a><\/em><\/p>\n","protected":false},"excerpt":{"rendered":"<p>\u2b50\u2b50\u2b50\u2b50\u2b50 &#8221;Snabb leverans och fantastiska smaker!&#8221; &#8221;Jag best\u00e4llde ett variationspaket och blev \u00e4rligt talat f\u00f6rv\u00e5nad \u00f6ver hur snabbt det kom. Varje vape jag provade var mjuk och smakrik. Definitivt min nya favoritbutik!&#8221; \u2014 Melissa T., Florida \u2b50\u2b50\u2b50\u2b50\u2b50 &#8221;F\u00f6rstklassig kundservice&#8221; &#8221;Jag hade en fr\u00e5ga om min best\u00e4llning och supportteamet svarade inom n\u00e5gra minuter. Super hj\u00e4lpsamma och [&#8230;]\n","protected":false},"author":1,"featured_media":0,"parent":0,"menu_order":0,"comment_status":"closed","ping_status":"closed","template":"","meta":{"footnotes":""},"class_list":["post-9150","page","type-page","status-publish","hentry"],"_links":{"self":[{"href":"https:\/\/holavape.com\/sv\/wp-json\/wp\/v2\/pages\/9150","targetHints":{"allow":["GET"]}}],"collection":[{"href":"https:\/\/holavape.com\/sv\/wp-json\/wp\/v2\/pages"}],"about":[{"href":"https:\/\/holavape.com\/sv\/wp-json\/wp\/v2\/types\/page"}],"author":[{"embeddable":true,"href":"https:\/\/holavape.com\/sv\/wp-json\/wp\/v2\/users\/1"}],"replies":[{"embeddable":true,"href":"https:\/\/holavape.com\/sv\/wp-json\/wp\/v2\/comments?post=9150"}],"version-history":[{"count":0,"href":"https:\/\/holavape.com\/sv\/wp-json\/wp\/v2\/pages\/9150\/revisions"}],"wp:attachment":[{"href":"https:\/\/holavape.com\/sv\/wp-json\/wp\/v2\/media?parent=9150"}],"curies":[{"name":"wp","href":"https:\/\/api.w.org\/{rel}","templated":true}]}}