{"id":112669,"date":"2025-07-07T07:37:45","date_gmt":"2025-07-07T07:37:45","guid":{"rendered":"https:\/\/holavape.com\/product\/bang-king-15k\/"},"modified":"2026-04-05T02:39:28","modified_gmt":"2026-04-05T02:39:28","slug":"bang-king-15k","status":"publish","type":"product","link":"https:\/\/holavape.com\/sv\/produkt\/bang-king-15k\/","title":{"rendered":"Bang King 15K engangsvape \u2014 15 000 blosss grossist"},"content":{"rendered":"<h2>Bang King 15K \u2014 15 000 bloss Justerbart luftfl\u00f6de eng\u00e5ngs<\/h2>\n<p>Bang King 15K sitter i den s\u00f6ta punkten mellan kompakta eng\u00e5ngsartiklar med en pod och de st\u00f6rre multipod-enheterna. Med 25 ml e-v\u00e4tska, ett 650m Ah uppladdningsbart batteri och justerbart luftfl\u00f6de, ger den slutanv\u00e4ndare mer kontroll \u00f6ver sin vape-upplevelse \u00e4n de flesta eng\u00e5ngsartiklar vid det h\u00e4r blosstalet. Butiker i Tyskland, Frankrike och Nederl\u00e4nderna har lagrat detta tillsammans med de st\u00f6rre <a href=\"\/product\/bang-king-25000\/\">Bang King 25K<\/a> som en billigare ing\u00e5ngspunkt f\u00f6r kunder som vill ha Bang King-byggkvalit\u00e9 utan att f\u00f6rbinda sig till en enhet med dubbla kapslar.<\/p>\n<p>D\u00e4r det passar i din katalog: om du redan har n\u00e5got i 60K+-sortimentet som <a href=\"https:\/\/holavape.com\/sv\/produkt\/bangbox-80k\/\">BANGBOX 80K<\/a> eller <a href=\"https:\/\/holavape.com\/sv\/produkt\/bang-king-85k-3-in-1\/\">Bang King 85K<\/a>, fungerar denna 15K-modell som en budgetv\u00e4nlig merf\u00f6rs\u00e4ljning fr\u00e5n grundl\u00e4ggande 5K-10K-enheter. Kunder som provar sin f\u00f6rsta eng\u00e5ngsprodukt med h\u00f6gre kapacitet b\u00f6rjar ofta h\u00e4r.<\/p>\n<table>\n<thead>\n<tr>\n<th>Spec<\/th>\n<th>Detalj<\/th>\n<\/tr>\n<\/thead>\n<tbody>\n<tr>\n<td>bloss r\u00e4knas<\/td>\n<td>Upp till 15 000<\/td>\n<\/tr>\n<tr>\n<td>Kapacitet f\u00f6r e-v\u00e4tska<\/td>\n<td>25 ml f\u00f6rfylld<\/td>\n<\/tr>\n<tr>\n<td>Batteri<\/td>\n<td>650m Ah uppladdningsbar (Typ-C)<\/td>\n<\/tr>\n<tr>\n<td>Spole<\/td>\n<td>Mesh spole<\/td>\n<\/tr>\n<tr>\n<td>Luftfl\u00f6de<\/td>\n<td>Justerbar<\/td>\n<\/tr>\n<tr>\n<td>Nikotinets styrkor<\/td>\n<td>0 %, 2 %, 3 %, 5 %<\/td>\n<\/tr>\n<tr>\n<td>Smakalternativ<\/td>\n<td>20 smaker<\/td>\n<\/tr>\n<tr>\n<td>F\u00f6rpackning<\/td>\n<td>Kontakta oss f\u00f6r kartongm\u00e4ngder<\/td>\n<\/tr>\n<\/tbody>\n<\/table>\n<h3>Smaker och lagerr\u00e5d<\/h3>\n<p>B\u00e4sts\u00e4ljare att lagra f\u00f6rst: Strawberry Watermelon, Lush Ice, Blue Raspberry Ice och Peach Ice. Dessa fyra t\u00e4cker den s\u00e4kra grunden f\u00f6r en f\u00f6rsta order p\u00e5 de flesta europeiska marknader.<\/p>\n<p><strong>Iced frukt:<\/strong> Lush Ice (vattenmelon + mentol, den universella b\u00e4sts\u00e4ljaren), Blue Raspberry Ice (stark med yngre demografi), Peach Ice, Triple Berry Ice (bl\u00e5b\u00e4r-hallon-jordgubbsblandning \u2014 p\u00e5litlig \u00e5terf\u00f6rs\u00e4ljare).<\/p>\n<p><strong>Fruktblandningar:<\/strong> Strawberry Watermelon (b\u00e4st presterande p\u00e5 alla marknader), Strawberry Kiwi, Peach Mango, Kiwi Passion Fruit Guava (tropisk blandning som g\u00f6r sig bra i s\u00f6dra Europa), Strawberry Banana.<\/p>\n<p><strong>M\u00f6rkare \/ dj\u00e4rvare:<\/strong> Double Apple (profil i shisha-stil, stark p\u00e5 marknader med vattenpipakultur som Tyskland och Nederl\u00e4nderna), Black Dragon Ice (drakfrukt med mentol \u2014 nisch men har en efterf\u00f6ljare), Aloe Grape (popul\u00e4rt i asiatiska samh\u00e4llen \u00f6ver hela Europa).<\/p>\n<p><strong>S\u00f6t\/efterr\u00e4tt:<\/strong> Sockervadd (yngre demografisk), Jordgubbsyoghurt (kr\u00e4mig profil, mindre vanlig i eng\u00e5ngsartiklar), Vattenmelon Bubblegum, Cherry Pop, Pink Lemonade.<\/p>\n<p><strong>Mentol:<\/strong> Cool Mint (ren mentol \u2014 konsekvent s\u00e4ljare f\u00f6r kunder som g\u00e5r \u00f6ver fr\u00e5n cigaretter), Sour Apple Razberry (s\u00e4rlig + cool kombo).<\/p>\n<p>Tropical Fruit avrundar sortimentet som ett allm\u00e4nt alternativ f\u00f6r blandad frukt. F\u00f6r en f\u00f6rsta best\u00e4llning, h\u00e5ll dig till topp 4 och l\u00e4gg till 2-3 fr\u00e5n kategorin isfrukter. Expandera till de dj\u00e4rvare och efterr\u00e4ttssmakerna n\u00e4r du k\u00e4nner till din lokala kundbas.<\/p>\n<h3>Best\u00e4llning och frakt<\/h3>\n<p>grossist priss\u00e4ttning startar fr\u00e5n 10 enheter med niv\u00e5rabatter p\u00e5 50+ och 100+ stycken. Du kan blanda smaker och nikotinstyrkor inom en enda best\u00e4llning. F\u00f6r europeiska marknader \u00e4r 0 % och 2 % de mest popul\u00e4ra nikotinalternativen \u2013 3 % och 5 % s\u00e4ljer p\u00e5 marknader d\u00e4r h\u00f6gre styrkor \u00e4r till\u00e5tna, men kontrollera dina lokala best\u00e4mmelser innan du best\u00e4ller dem.<\/p>\n<p>Denna produkt skickas fr\u00e5n Kina med typiska ledtider p\u00e5 10-15 arbetsdagar till europeiska destinationer. F\u00f6r snabbare leveransalternativ, kolla v\u00e5r <a href=\"https:\/\/holavape.com\/sv\/product-category\/engangsvapes-i-lager-pa-eu-lager-sv\/\">EU-lagerinsamling<\/a> f\u00f6r modeller tillg\u00e4ngliga med 5-7 dagars europeisk leverans. Fr\u00e5gor om bulkpriser eller kartongspecifikationer? <a href=\"https:\/\/holavape.com\/sv\/kontakta-oss\/\">H\u00f6r av dig h\u00e4r<\/a>.<\/p>\n","protected":false},"excerpt":{"rendered":"<p>Bang King 15K erbjuder 15 000 puffar, 25mL e-v\u00e4tska, justerbart luftfl\u00f6de och 20 smaker i 0%\/2%\/3%\/5% nikotin. Ett praktiskt mellanalternativ som passar snyggt i snabbr\u00f6rliga grossistsortiment. \ud83d\ude80<\/p>\n","protected":false},"featured_media":19422,"comment_status":"open","ping_status":"closed","template":"","meta":[],"product_brand":[],"product_cat":[440,737,351,620,368,629,656,665,674,611,683,692,719,701,710,638,647,530,359,521],"product_tag":[],"class_list":{"0":"post-112669","1":"product","2":"type-product","3":"status-publish","4":"has-post-thumbnail","6":"product_cat-15000-puffar-engangsvape-sv","7":"product_cat-bang-sv","8":"product_cat-engangsvapes-efter-antal-puffar-sv","9":"product_cat-engangsvapes-i-belgien-sv","10":"product_cat-engangsvapes-i-europa-sv","11":"product_cat-engangsvapes-i-frankrike-sv","12":"product_cat-engangsvapes-i-italien-sv","13":"product_cat-engangsvapes-i-nederlanderna-sv","14":"product_cat-engangsvapes-i-norge-sv","15":"product_cat-engangsvapes-i-osterrike-sv","16":"product_cat-engangsvapes-i-polen-sv","17":"product_cat-engangsvapes-i-portugal-sv","18":"product_cat-engangsvapes-i-schweiz-sv","19":"product_cat-engangsvapes-i-spanien-sv","20":"product_cat-engangsvapes-i-sverige-sv","21":"product_cat-engangsvapes-i-tyskland-sv","22":"product_cat-engangsvapes-i-ungern-sv","23":"product_cat-laddningsbara-vapes-sv","24":"product_cat-typer-av-engangsvapes-sv","25":"product_cat-vapes-med-manga-puffar-sv","27":"first","28":"instock","29":"shipping-taxable","30":"purchasable","31":"product-type-variable","32":"has-default-attributes"},"tiered_pricing_type":"fixed","tiered_pricing_fixed_rules":{"30":4.94000000000000039079850466805510222911834716796875,"50":4.19000000000000039079850466805510222911834716796875,"100":3.600000000000000088817841970012523233890533447265625,"200":3.4199999999999999289457264239899814128875732421875,"400":2.899999999999999911182158029987476766109466552734375},"tiered_pricing_product_settings":{"layout":"default","base_unit_name":{"singular":null,"plural":null},"default_variation":null},"tiered_pricing_minimum_quantity":10,"tiered_pricing_roles_data":[],"tiered_pricing_percentage_rules":[],"tiered_pricing_maximum_quantity":null,"tiered_pricing_quantity_step":"10","_links":{"self":[{"href":"https:\/\/holavape.com\/sv\/wp-json\/wp\/v2\/product\/112669","targetHints":{"allow":["GET"]}}],"collection":[{"href":"https:\/\/holavape.com\/sv\/wp-json\/wp\/v2\/product"}],"about":[{"href":"https:\/\/holavape.com\/sv\/wp-json\/wp\/v2\/types\/product"}],"replies":[{"embeddable":true,"href":"https:\/\/holavape.com\/sv\/wp-json\/wp\/v2\/comments?post=112669"}],"wp:featuredmedia":[{"embeddable":true,"href":"https:\/\/holavape.com\/sv\/wp-json\/wp\/v2\/media\/19422"}],"wp:attachment":[{"href":"https:\/\/holavape.com\/sv\/wp-json\/wp\/v2\/media?parent=112669"}],"wp:term":[{"taxonomy":"product_brand","embeddable":true,"href":"https:\/\/holavape.com\/sv\/wp-json\/wp\/v2\/product_brand?post=112669"},{"taxonomy":"product_cat","embeddable":true,"href":"https:\/\/holavape.com\/sv\/wp-json\/wp\/v2\/product_cat?post=112669"},{"taxonomy":"product_tag","embeddable":true,"href":"https:\/\/holavape.com\/sv\/wp-json\/wp\/v2\/product_tag?post=112669"}],"curies":[{"name":"wp","href":"https:\/\/api.w.org\/{rel}","templated":true}]}}