{"id":116298,"date":"2025-07-07T07:37:28","date_gmt":"2025-07-07T07:37:28","guid":{"rendered":"https:\/\/holavape.com\/product\/randm-digital-box-12k-vape-for-engangsbruk-50-smaker-i-grossistledet\/"},"modified":"2026-04-05T02:40:08","modified_gmt":"2026-04-05T02:40:08","slug":"randm-digital-box-12k","status":"publish","type":"product","link":"https:\/\/holavape.com\/sv\/produkt\/randm-digital-box-12k\/","title":{"rendered":"RandM Digital Box 12K Vape f\u00f6r eng\u00e5ngsbruk \u2014 50 smaker i grossistledet"},"content":{"rendered":"<h2>RandM Digital Box 12K \u2014 12 000 Puff Eng\u00e5ngs med 50+ smaker<\/h2>\n<p>RandM Digital Box 12K sticker ut av en anledning framf\u00f6r allt annat: smakomf\u00e5nget. Med \u00f6ver 50 alternativ i kategorierna frukt, godis, dryck och mentol, ger det butiks\u00e4gare mer variation \u00e4n n\u00e4stan alla andra enheter i v\u00e5r katalog. De 12 000 blossen och 20 ml-tanken placerar den i mellanklassen, och den digitala sk\u00e4rmen som visar batteri- och e-v\u00e4tskeniv\u00e5er ger en touch som slutanv\u00e4ndarna uppskattar. Det har varit ett konsekvent grossistf\u00f6retag i Spanien, Tyskland och Polen.<\/p>\n<p>F\u00f6r distribut\u00f6rer: detta \u00e4r en stark katalogfyllare. D\u00e4r enheter som <a href=\"https:\/\/holavape.com\/sv\/produkt\/mrvi-18k\/\">MRVI 18K<\/a> eller <a href=\"https:\/\/holavape.com\/sv\/produkt\/mrvi-winning-30k\/\">MRVI WINNING 30K<\/a> t\u00e4vla p\u00e5 antalet bloss och funktioner, RandM Digital Box 12K t\u00e4vlar om smakval och nikotinflexibilitet. Den har 0 %, 2 %, 3 % och 5 % \u2013 alternativet 0 % \u00e4r s\u00e4rskilt v\u00e4rdefullt f\u00f6r EU-marknader d\u00e4r efterfr\u00e5gan p\u00e5 noll nikotin forts\u00e4tter att v\u00e4xa.<\/p>\n<table>\n<thead>\n<tr>\n<th>Spec<\/th>\n<th>Detalj<\/th>\n<\/tr>\n<\/thead>\n<tbody>\n<tr>\n<td>Puff r\u00e4kna<\/td>\n<td>Upp till 12 000<\/td>\n<\/tr>\n<tr>\n<td>Kapacitet f\u00f6r e-v\u00e4tska<\/td>\n<td>20 ml<\/td>\n<\/tr>\n<tr>\n<td>Batteri<\/td>\n<td>850mAh uppladdningsbar (Typ-C)<\/td>\n<\/tr>\n<tr>\n<td>Spole<\/td>\n<td>1,0\u03a9 mesh spole<\/td>\n<\/tr>\n<tr>\n<td>Visa<\/td>\n<td>Digital sk\u00e4rm (batteri + e-v\u00e4tskeniv\u00e5)<\/td>\n<\/tr>\n<tr>\n<td>Nikotinets styrkor<\/td>\n<td>0%, 2%, 3%, 5%<\/td>\n<\/tr>\n<tr>\n<td>Smakalternativ<\/td>\n<td>50+<\/td>\n<\/tr>\n<\/tbody>\n<\/table>\n<h3>Smaker \u2014 Vad man ska lagra<\/h3>\n<p>Med 50+ alternativ \u00e4r nyckelfr\u00e5gan vilka man ska b\u00f6rja med. B\u00e4sts\u00e4ljare att lagra f\u00f6rst: Watermelon Ice, Blueberry On Ice, Grape Ice och Strawberry Ice. Dessa fyra kommer att t\u00e4cka dina baser f\u00f6r en f\u00f6rsta best\u00e4llning.<\/p>\n<p><strong>Iced frukt (s\u00e4kra spel):<\/strong> Watermelon Ice, Blueberry On Ice, Grape Ice (stark i s\u00f6dra Europa), Strawberry Ice, Peach Ice, Ananas Ice, Mango On Ice, Lush Ice (vattenmelon mynta). Det h\u00e4r \u00e4r smakerna som ordnar om konsekvent och fungerar p\u00e5 alla europeiska marknader.<\/p>\n<p><strong>B\u00e4r och blandad frukt:<\/strong> Blandade b\u00e4r, bl\u00e5b\u00e4rshallon, bl\u00e5b\u00e4rskiwi, jordgubbsbanan, jordgubbskiwi, hallonvattenmelon, jordgubbsdruva, k\u00f6rsb\u00e4rsb\u00e4r. Bra olika plockningar \u2014 lagra 2-3 av dessa tillsammans med de iskalla frukterna.<\/p>\n<p><strong>Tropiskt \/ s\u00f6tt:<\/strong> Kiwi Passion Fruit Guava (popul\u00e4rt \u00f6ver hela Europa), Peach Mango, Dragonfruit Ice, Fruity Fusion. Dessa tilltalar kunder som vill ha n\u00e5got ut\u00f6ver vanliga b\u00e4r och vattenmelon.<\/p>\n<p><strong>Godis \/ efterr\u00e4tt \/ dryck:<\/strong> Blueberry Bubblegum, Strawberry Donut, Cherry Cola, Pink Lemonade, Berry Lemonade, Blue Razz Lemonade, Red Energy Ice (smak av energidryck), Strawberry Red Bull. Dessa \u00e4r mer nischade \u2013 testa med sm\u00e5 m\u00e4ngder f\u00f6rst om du inte redan vet att dina kunder gillar godis och dryckesinspirerade smaker.<\/p>\n<p><strong>Dj\u00e4rvare\/ovanligt:<\/strong> Apple Cinnamon (unik, liten men lojal publik), Black Ice (stark mentol, ingen frukt), Cool Mint (ren mentol), Love 66 (tobaksn\u00e4ra blandning), Bingo Crush, Dr Blue. Dessa kommer inte att vara dina stors\u00e4ljare men de avrundar en visning fint f\u00f6r butiker som vill erbjuda n\u00e5got annorlunda.<\/p>\n<h3>Frakt och best\u00e4llning<\/h3>\n<p>RandM Digital Box 12K skickas fr\u00e5n Kina med ber\u00e4knade ledtider p\u00e5 10\u201318 arbetsdagar till Europa. Minsta best\u00e4llning \u00e4r 10 enheter med volymrabatter p\u00e5 30+ och 100+ enheter. Du kan blanda smaker och nikotinstyrkor fritt \u2014 med 50+ smaker rekommenderar vi att du b\u00f6rjar med 8-10 topps\u00e4ljare och ut\u00f6kar baserat p\u00e5 vad dina kunder efterfr\u00e5gar.<\/p>\n<p>Alternativen 0 % och 2 % nikotin \u00e4r de mest best\u00e4llda f\u00f6r EU-marknaderna. 3 % erbjuder en medelv\u00e4g som vissa k\u00f6pare f\u00f6redrar. 5 % \u00e4r tillg\u00e4ngligt men kontrollera lokala nikotinregler innan du importerar \u2013 restriktioner varierar fr\u00e5n land till land.<\/p>\n<p>Beh\u00f6ver du hj\u00e4lp med att v\u00e4lja ditt f\u00f6rsta smaksortiment? <a href=\"https:\/\/holavape.com\/sv\/kontakta-oss\/\">Kontakta oss<\/a> och vi kan f\u00f6resl\u00e5 en startmix baserad p\u00e5 din marknad.<\/p>\n","protected":false},"excerpt":{"rendered":"<p>RandM Digital Box 12K erbjuder 12 000 puffar, 50+ smakalternativ, en digital sk\u00e4rm och en 20ml-tank i en enhet med m\u00e5nga val. Med 0% \/ 2% \/ 3% \/ 5% nikotinstyrkor \u00e4r den byggd f\u00f6r marknader som vill ha variation. \ud83c\udf08<\/p>\n","protected":false},"featured_media":1427,"comment_status":"open","ping_status":"closed","template":"","meta":[],"product_brand":[],"product_cat":[431,557,351,620,368,629,656,665,674,611,683,692,719,701,710,638,647,530,810,566,359,521],"product_tag":[],"class_list":{"0":"post-116298","1":"product","2":"type-product","3":"status-publish","4":"has-post-thumbnail","6":"product_cat-12000-puffar-engangsvape-sv","7":"product_cat-digitala-box-vapes-sv","8":"product_cat-engangsvapes-efter-antal-puffar-sv","9":"product_cat-engangsvapes-i-belgien-sv","10":"product_cat-engangsvapes-i-europa-sv","11":"product_cat-engangsvapes-i-frankrike-sv","12":"product_cat-engangsvapes-i-italien-sv","13":"product_cat-engangsvapes-i-nederlanderna-sv","14":"product_cat-engangsvapes-i-norge-sv","15":"product_cat-engangsvapes-i-osterrike-sv","16":"product_cat-engangsvapes-i-polen-sv","17":"product_cat-engangsvapes-i-portugal-sv","18":"product_cat-engangsvapes-i-schweiz-sv","19":"product_cat-engangsvapes-i-spanien-sv","20":"product_cat-engangsvapes-i-sverige-sv","21":"product_cat-engangsvapes-i-tyskland-sv","22":"product_cat-engangsvapes-i-ungern-sv","23":"product_cat-laddningsbara-vapes-sv","24":"product_cat-randm-sv","25":"product_cat-smart-screen-vapes-sv","26":"product_cat-typer-av-engangsvapes-sv","27":"product_cat-vapes-med-manga-puffar-sv","29":"first","30":"instock","31":"shipping-taxable","32":"purchasable","33":"product-type-variable","34":"has-default-attributes"},"tiered_pricing_type":"fixed","tiered_pricing_fixed_rules":{"30":7.339999999999999857891452847979962825775146484375,"50":6.230000000000000426325641456060111522674560546875,"100":5.63999999999999968025576890795491635799407958984375,"200":5.339999999999999857891452847979962825775146484375,"400":4.94000000000000039079850466805510222911834716796875},"tiered_pricing_product_settings":{"layout":"default","base_unit_name":{"singular":null,"plural":null},"default_variation":null},"tiered_pricing_minimum_quantity":10,"tiered_pricing_roles_data":[],"tiered_pricing_percentage_rules":[],"tiered_pricing_maximum_quantity":null,"tiered_pricing_quantity_step":"10","_links":{"self":[{"href":"https:\/\/holavape.com\/sv\/wp-json\/wp\/v2\/product\/116298","targetHints":{"allow":["GET"]}}],"collection":[{"href":"https:\/\/holavape.com\/sv\/wp-json\/wp\/v2\/product"}],"about":[{"href":"https:\/\/holavape.com\/sv\/wp-json\/wp\/v2\/types\/product"}],"replies":[{"embeddable":true,"href":"https:\/\/holavape.com\/sv\/wp-json\/wp\/v2\/comments?post=116298"}],"wp:featuredmedia":[{"embeddable":true,"href":"https:\/\/holavape.com\/sv\/wp-json\/wp\/v2\/media\/1427"}],"wp:attachment":[{"href":"https:\/\/holavape.com\/sv\/wp-json\/wp\/v2\/media?parent=116298"}],"wp:term":[{"taxonomy":"product_brand","embeddable":true,"href":"https:\/\/holavape.com\/sv\/wp-json\/wp\/v2\/product_brand?post=116298"},{"taxonomy":"product_cat","embeddable":true,"href":"https:\/\/holavape.com\/sv\/wp-json\/wp\/v2\/product_cat?post=116298"},{"taxonomy":"product_tag","embeddable":true,"href":"https:\/\/holavape.com\/sv\/wp-json\/wp\/v2\/product_tag?post=116298"}],"curies":[{"name":"wp","href":"https:\/\/api.w.org\/{rel}","templated":true}]}}